{"id":64,"date":"2023-05-09T19:57:17","date_gmt":"2023-05-09T17:57:17","guid":{"rendered":"https:\/\/www.ninja-tv.live\/?page_id=64"},"modified":"2023-12-02T16:48:11","modified_gmt":"2023-12-02T15:48:11","slug":"politique-de-remboursement","status":"publish","type":"page","link":"https:\/\/www.ninja-tv.live\/abonnement-iptv\/politique-de-remboursement\/","title":{"rendered":"Politique de Remboursement"},"content":{"rendered":"\t\t<div data-elementor-type=\"wp-page\" data-elementor-id=\"64\" class=\"elementor elementor-64\" data-elementor-post-type=\"page\">\n\t\t\t\t\t\t<section class=\"elementor-section elementor-top-section elementor-element elementor-element-14c9d986 elementor-section-boxed elementor-section-height-default elementor-section-height-default wpr-particle-no wpr-jarallax-no wpr-parallax-no wpr-sticky-section-no wpr-equal-height-no\" data-id=\"14c9d986\" data-element_type=\"section\" data-e-type=\"section\">\n\t\t\t\t\t\t<div class=\"elementor-container elementor-column-gap-default\">\n\t\t\t\t\t<div class=\"elementor-column elementor-col-100 elementor-top-column elementor-element elementor-element-7c3debe4\" data-id=\"7c3debe4\" data-element_type=\"column\" data-e-type=\"column\">\n\t\t\t<div class=\"elementor-widget-wrap elementor-element-populated\">\n\t\t\t\t\t\t<div class=\"elementor-element elementor-element-4d3475b6 elementor-widget elementor-widget-text-editor\" data-id=\"4d3475b6\" data-element_type=\"widget\" data-e-type=\"widget\" data-widget_type=\"text-editor.default\">\n\t\t\t\t<div class=\"elementor-widget-container\">\n\t\t\t\t\t\t\t\t\t\n<p><\/p>\n<p><em><strong>Politique de remboursement\u00a0<\/strong><\/em><\/p>\n<p><\/p>\n<p>Si vous n\u2019\u00eates pas satisfait de votre achat, nous acceptons un remboursement dans les 3 jours apr\u00e9s votre achat, vous serez rembours\u00e9 imm\u00e9diatement.<\/p>\n<p><\/p>\n<p>Notre politique de retour et de remboursement a \u00e9t\u00e9 cr\u00e9\u00e9e par NINJA-IPTV<\/p>\n<p><\/p>\n<p>Veuillez attendre 1 \u00e0 2 jours pour que votre remboursement soit trait\u00e9 ( carte bancaire ) et un remboursement imm\u00e9diat pour PayPal .<\/p>\n<p><\/p>\n<p>NINJA-IPTV ne remboursera pas les produits achet\u00e9s via d\u2019autres entit\u00e9s, telles que les autres fournisseurs ou les d\u00e9taillants.<\/p>\n<p><\/p>\n\t\t\t\t\t\t\t\t<\/div>\n\t\t\t\t<\/div>\n\t\t\t\t\t<\/div>\n\t\t<\/div>\n\t\t\t\t\t<\/div>\n\t\t<\/section>\n\t\t\t\t<\/div>\n\t\t","protected":false},"excerpt":{"rendered":"<p>Politique de remboursement\u00a0 Si vous n\u2019\u00eates pas satisfait de votre achat, nous acceptons un remboursement dans les 3 jours apr\u00e9s votre achat, vous serez rembours\u00e9 imm\u00e9diatement. Notre politique de retour et de remboursement a \u00e9t\u00e9 cr\u00e9\u00e9e par NINJA-IPTV Veuillez attendre 1 \u00e0 2 jours pour que votre remboursement soit trait\u00e9 ( carte bancaire ) et un remboursement imm\u00e9diat pour PayPal . NINJA-IPTV ne remboursera pas les produits achet\u00e9s via d\u2019autres entit\u00e9s, telles que les autres fournisseurs ou les d\u00e9taillants.<\/p>\n","protected":false},"author":1,"featured_media":0,"parent":0,"menu_order":0,"comment_status":"closed","ping_status":"closed","template":"","meta":{"footnotes":""},"class_list":["post-64","page","type-page","status-publish","hentry"],"jetpack_sharing_enabled":true,"_links":{"self":[{"href":"https:\/\/www.ninja-tv.live\/abonnement-iptv\/wp-json\/wp\/v2\/pages\/64","targetHints":{"allow":["GET"]}}],"collection":[{"href":"https:\/\/www.ninja-tv.live\/abonnement-iptv\/wp-json\/wp\/v2\/pages"}],"about":[{"href":"https:\/\/www.ninja-tv.live\/abonnement-iptv\/wp-json\/wp\/v2\/types\/page"}],"author":[{"embeddable":true,"href":"https:\/\/www.ninja-tv.live\/abonnement-iptv\/wp-json\/wp\/v2\/users\/1"}],"replies":[{"embeddable":true,"href":"https:\/\/www.ninja-tv.live\/abonnement-iptv\/wp-json\/wp\/v2\/comments?post=64"}],"version-history":[{"count":0,"href":"https:\/\/www.ninja-tv.live\/abonnement-iptv\/wp-json\/wp\/v2\/pages\/64\/revisions"}],"wp:attachment":[{"href":"https:\/\/www.ninja-tv.live\/abonnement-iptv\/wp-json\/wp\/v2\/media?parent=64"}],"curies":[{"name":"wp","href":"https:\/\/api.w.org\/{rel}","templated":true}]}}