{"id":66,"date":"2023-05-09T19:58:32","date_gmt":"2023-05-09T17:58:32","guid":{"rendered":"https:\/\/www.ninja-tv.live\/?page_id=66"},"modified":"2023-08-09T11:10:11","modified_gmt":"2023-08-09T09:10:11","slug":"conditions-dutilisation","status":"publish","type":"page","link":"https:\/\/www.ninja-tv.live\/abonnement-iptv\/conditions-dutilisation\/","title":{"rendered":"Conditions d\u2019utilisation"},"content":{"rendered":"\t\t<div data-elementor-type=\"wp-page\" data-elementor-id=\"66\" class=\"elementor elementor-66\" data-elementor-post-type=\"page\">\n\t\t\t\t\t\t<section class=\"elementor-section elementor-top-section elementor-element elementor-element-1dda41ec elementor-section-boxed elementor-section-height-default elementor-section-height-default wpr-particle-no wpr-jarallax-no wpr-parallax-no wpr-sticky-section-no wpr-equal-height-no\" data-id=\"1dda41ec\" data-element_type=\"section\" data-e-type=\"section\">\n\t\t\t\t\t\t<div class=\"elementor-container elementor-column-gap-default\">\n\t\t\t\t\t<div class=\"elementor-column elementor-col-100 elementor-top-column elementor-element elementor-element-398be071\" data-id=\"398be071\" data-element_type=\"column\" data-e-type=\"column\">\n\t\t\t<div class=\"elementor-widget-wrap elementor-element-populated\">\n\t\t\t\t\t\t<div class=\"elementor-element elementor-element-48848994 elementor-widget elementor-widget-text-editor\" data-id=\"48848994\" data-element_type=\"widget\" data-e-type=\"widget\" data-widget_type=\"text-editor.default\">\n\t\t\t\t<div class=\"elementor-widget-container\">\n\t\t\t\t\t\t\t\t\t\n<h5 class=\"wp-block-heading\"><em>Bienvenue chez&nbsp;<a href=\"https:\/\/www.ninja-tv.live\/\" target=\"_blank\" rel=\"noreferrer noopener\">NINJA-IPTV.COM<\/a><\/em><strong><\/strong><\/h5>\n\n\n\n<p>Les pr\u00e9sentes conditions g\u00e9n\u00e9rales d\u00e9finissent les r\u00e8gles d\u2019utilisation du site Web de&nbsp;<strong><a href=\"https:\/\/www.ninja-tv.live\/\" target=\"_blank\" rel=\"noreferrer noopener\">NINJA-IPTV.COM<\/a><\/strong>, situ\u00e9 \u00e0 l\u2019adresse&nbsp;<strong><a href=\"https:\/\/www.ninja-tv.live\/\" target=\"_blank\" rel=\"noreferrer noopener\">WWW.NINJA-IPTV.COM<\/a><\/strong><\/p>\n\n\n\n<p>En acc\u00e9dant \u00e0 ce site Web, nous supposons que vous acceptez ces termes et conditions. Ne continuez pas \u00e0 utiliser&nbsp;<strong><a href=\"https:\/\/www.ninja-tv.live\/\" target=\"_blank\" rel=\"noreferrer noopener\">NINJA-IPTV.COM<\/a><\/strong>&nbsp;si vous n\u2019acceptez pas l\u2019ensemble des termes et conditions \u00e9nonc\u00e9s sur cette page.<\/p>\n\n\n\n<p>La terminologie suivante s\u2019applique aux pr\u00e9sentes conditions g\u00e9n\u00e9rales, \u00e0 la d\u00e9claration de confidentialit\u00e9 et \u00e0 l\u2019avis de non-responsabilit\u00e9 ainsi qu\u2019\u00e0 tous les accords : \u201cClient\u201d, \u201cVous\u201d et \u201cVotre\u201d font r\u00e9f\u00e9rence \u00e0 vous, la personne qui se connecte \u00e0 ce site web et qui se conforme aux termes et conditions de la Soci\u00e9t\u00e9. \u201cLa Soci\u00e9t\u00e9\u201d, \u201cNous\u201d, \u201cNotre\u201d, \u201cNos\u201d et \u201cNous\u201d, d\u00e9signe notre Soci\u00e9t\u00e9. \u201cPartie\u201d, \u201cParties\u201d, ou \u201cNous\u201d, d\u00e9signe \u00e0 la fois le client et nous-m\u00eames. Tous les termes font r\u00e9f\u00e9rence \u00e0 l\u2019offre, \u00e0 l\u2019acceptation et \u00e0 la prise en compte du paiement n\u00e9cessaire pour entreprendre le processus de notre assistance au Client de la mani\u00e8re la plus appropri\u00e9e dans le but expr\u00e8s de r\u00e9pondre aux besoins du Client en ce qui concerne la fourniture des services d\u00e9clar\u00e9s de la Soci\u00e9t\u00e9, conform\u00e9ment et sous r\u00e9serve de la loi en vigueur aux Pays-Bas. Toute utilisation de la terminologie ci-dessus ou d\u2019autres mots au singulier, au pluriel, en majuscules et\/ou il\/elle ou ils\/elles, sont consid\u00e9r\u00e9s comme interchangeables et donc comme se r\u00e9f\u00e9rant au m\u00eame.<\/p>\n\n\n\n<p><em>Cookies<\/em><\/p>\n\n\n\n<p>Nous utilisons des cookies. En acc\u00e9dant \u00e0&nbsp;<strong><a href=\"https:\/\/www.ninja-tv.live\/\" target=\"_blank\" rel=\"noreferrer noopener\">NINJA-IPTV.COM<\/a><\/strong>&nbsp;, vous acceptez d\u2019utiliser des cookies en accord avec la politique de confidentialit\u00e9 de&nbsp;<strong><a href=\"https:\/\/www.ninja-tv.live\/\" target=\"_blank\" rel=\"noreferrer noopener\">NINJA-IPTV.COM<\/a><\/strong><\/p>\n\n\n\n<p>La plupart des sites web interactifs utilisent des cookies pour nous permettre de r\u00e9cup\u00e9rer les donn\u00e9es de l\u2019utilisateur \u00e0 chaque visite. Les cookies sont utilis\u00e9s par notre site Web pour permettre la fonctionnalit\u00e9 de certaines zones afin de faciliter la t\u00e2che des personnes qui visitent notre site Web. Certains de nos partenaires affili\u00e9s\/publicitaires peuvent \u00e9galement utiliser des cookies.<\/p>\n\n\n\n<p><em>Licence<\/em><\/p>\n\n\n\n<p>Sauf indication contraire,&nbsp;<strong><a href=\"https:\/\/www.ninja-tv.live\/\" target=\"_blank\" rel=\"noreferrer noopener\">NINJA-IPTV.COM<\/a><\/strong>&nbsp;et\/ou ses conc\u00e9dants de licence d\u00e9tiennent les droits de propri\u00e9t\u00e9 intellectuelle de tout le mat\u00e9riel sur&nbsp;<strong><a href=\"https:\/\/www.ninja-tv.live\/\" target=\"_blank\" rel=\"noreferrer noopener\">NINJA-IPTV.COM<\/a><\/strong>. Tous les droits de propri\u00e9t\u00e9 intellectuelle sont r\u00e9serv\u00e9s. Vous pouvez acc\u00e9der au contenu de&nbsp;<strong><a href=\"https:\/\/www.ninja-tv.live\/\" target=\"_blank\" rel=\"noreferrer noopener\">NINJA-IPTV.COM<\/a><\/strong>&nbsp;pour votre usage personnel, sous r\u00e9serve des restrictions d\u00e9finies dans les pr\u00e9sentes conditions g\u00e9n\u00e9rales.<\/p>\n\n\n\n<p><em>Vous ne devez pas :<\/em><\/p>\n\n\n\n<p>Republier le mat\u00e9riel de&nbsp;<strong><a href=\"https:\/\/www.ninja-tv.live\/\" target=\"_blank\" rel=\"noreferrer noopener\">NINJA-IPTV.COM<\/a><\/strong><\/p>\n\n\n\n<p>Vendre, louer ou accorder une sous-licence pour le mat\u00e9riel de&nbsp;<strong><a href=\"https:\/\/www.ninja-tv.live\/\" target=\"_blank\" rel=\"noreferrer noopener\">NINJA-IPTV.COM<\/a><\/strong><\/p>\n\n\n\n<p>Reproduire, dupliquer ou copier le mat\u00e9riel de&nbsp;<strong><a href=\"https:\/\/www.ninja-tv.live\/\" target=\"_blank\" rel=\"noreferrer noopener\">NINJA-IPTV.COM<\/a><\/strong><\/p>\n\n\n\n<p>Redistribuer le contenu de&nbsp;<strong><a href=\"https:\/\/www.ninja-tv.live\/\" target=\"_blank\" rel=\"noreferrer noopener\">NINJA-IPTV.COM<\/a><\/strong><\/p>\n\n\n\n<p>Le pr\u00e9sent contrat prend effet \u00e0 la date du pr\u00e9sent document.<\/p>\n\n\n\n<p>Certaines parties de ce site Internet offrent aux utilisateurs la possibilit\u00e9 de publier et d\u2019\u00e9changer des opinions et des informations dans certaines zones du site.&nbsp;<strong><a href=\"https:\/\/www.ninja-tv.live\/\" target=\"_blank\" rel=\"noreferrer noopener\">NINJA-IPTV.COM<\/a><\/strong>&nbsp;ne filtre pas, n\u2019\u00e9dite pas, ne publie pas et ne r\u00e9vise pas les Commentaires avant leur pr\u00e9sence sur le site. Les Commentaires ne refl\u00e8tent pas les vues et opinions de&nbsp;<strong><a href=\"https:\/\/www.ninja-tv.live\/\" target=\"_blank\" rel=\"noreferrer noopener\">NINJA-IPTV.COM<\/a><\/strong>, de ses agents et\/ou de ses affili\u00e9s. Les Commentaires refl\u00e8tent les vues et opinions de la personne qui les a post\u00e9s. Dans la mesure permise par les lois applicables,&nbsp;<strong><a href=\"https:\/\/www.ninja-tv.live\/\" target=\"_blank\" rel=\"noreferrer noopener\">NINJA-IPTV.COM<\/a><\/strong>&nbsp;ne sera pas responsable des Commentaires ou de toute responsabilit\u00e9, dommages ou d\u00e9penses caus\u00e9s et\/ou subis suite \u00e0 l\u2019utilisation et\/ou la publication et\/ou l\u2019apparition des Commentaires sur ce site Internet.<\/p>\n\n\n\n<p><strong><a href=\"https:\/\/www.ninja-tv.live\/\" target=\"_blank\" rel=\"noreferrer noopener\">NINJA-IPTV.COM<\/a><\/strong>&nbsp;se r\u00e9serve le droit de surveiller tous les Commentaires et de supprimer tout Commentaire pouvant \u00eatre consid\u00e9r\u00e9 comme inappropri\u00e9, offensant ou entra\u00eenant une violation des pr\u00e9sentes Conditions G\u00e9n\u00e9rales.<\/p>\n\n\n\n<p><em>Vous garantissez et d\u00e9clarez que :<\/em><\/p>\n\n\n\n<p>Vous avez le droit de publier les Commentaires sur notre site web et disposez de toutes les licences et autorisations n\u00e9cessaires pour le faire ;<\/p>\n\n\n\n<p>Les Commentaires ne portent atteinte \u00e0 aucun droit de propri\u00e9t\u00e9 intellectuelle, y compris, sans s\u2019y limiter, les droits d\u2019auteur, les brevets ou les marques de commerce d\u2019un tiers ;<\/p>\n\n\n\n<p>Les Commentaires ne contiennent aucun \u00e9l\u00e9ment diffamatoire, calomnieux, offensant, ind\u00e9cent ou autrement ill\u00e9gal qui constitue une atteinte \u00e0 la vie priv\u00e9e.<\/p>\n\n\n\n<p>Les Commentaires ne seront pas utilis\u00e9s pour solliciter ou promouvoir des affaires ou des coutumes ou pr\u00e9senter des activit\u00e9s commerciales ou des activit\u00e9s ill\u00e9gales.<\/p>\n\n\n\n<p>Par la pr\u00e9sente, vous accordez \u00e0&nbsp;<strong><a href=\"https:\/\/www.ninja-tv.live\/\" target=\"_blank\" rel=\"noreferrer noopener\">NINJA-IPTV.COM<\/a><\/strong>&nbsp;une licence non exclusive pour utiliser, reproduire, \u00e9diter et autoriser d\u2019autres personnes \u00e0 utiliser, reproduire et \u00e9diter n\u2019importe lequel de vos Commentaires sous toutes formes, formats ou m\u00e9dias.<\/p>\n\n\n\n<p>Hyperliens vers notre contenu<\/p>\n\n\n\n<p><em>Les organisations suivantes peuvent cr\u00e9er des liens vers notre site Web sans autorisation \u00e9crite pr\u00e9alable&nbsp;<\/em>:<\/p>\n\n\n\n<p>Les agences gouvernementales ;<\/p>\n\n\n\n<p>Moteurs de recherche ;<\/p>\n\n\n\n<p>Organismes de presse ;<\/p>\n\n\n\n<p>Les distributeurs d\u2019annuaires en ligne peuvent cr\u00e9er des liens vers notre site Web de la m\u00eame mani\u00e8re qu\u2019ils cr\u00e9ent des hyperliens vers les sites Web d\u2019autres entreprises r\u00e9pertori\u00e9es ; et<\/p>\n\n\n\n<p>Les entreprises accr\u00e9dit\u00e9es \u00e0 l\u2019\u00e9chelle du syst\u00e8me, \u00e0 l\u2019exception des organisations \u00e0 but non lucratif, des centres commerciaux caritatifs et des groupes de collecte de fonds caritatifs, qui ne peuvent pas \u00e9tablir d\u2019hyperlien vers notre site Web.<\/p>\n\n\n\n<p>Ces organisations peuvent \u00e9tablir un lien vers notre page d\u2019accueil, vers des publications ou vers d\u2019autres informations du site Web, \u00e0 condition que le lien : (a) ne soit en aucun cas trompeur ; (b) n\u2019implique pas faussement le parrainage, l\u2019approbation ou le soutien de la partie qui propose le lien et de ses produits et\/ou services ; et (c) s\u2019inscrive dans le contexte du site de la partie qui propose le lien.<\/p>\n\n\n\n<p><em>Nous pouvons prendre en consid\u00e9ration et approuver d\u2019autres demandes de liens \u00e9manant des types d\u2019organisations suivants :<\/em><\/p>\n\n\n\n<p>des sources d\u2019informations commun\u00e9ment connues sur les consommateurs et\/ou les entreprises<\/p>\n\n\n\n<p>sites communautaires dot.com<\/p>\n\n\n\n<p>associations ou autres groupes repr\u00e9sentant des organisations caritatives<\/p>\n\n\n\n<p>distributeurs d\u2019annuaires en ligne<\/p>\n\n\n\n<p>portails Internet ;<\/p>\n\n\n\n<p>des cabinets comptables, juridiques et de conseil ; et<\/p>\n\n\n\n<p>des \u00e9tablissements d\u2019enseignement et des associations professionnelles.<\/p>\n\n\n\n<p>Nous approuverons les demandes de liens de ces organisations si nous d\u00e9cidons que : (a) le lien ne nous donnera pas une image d\u00e9favorable de nous-m\u00eames ou de nos entreprises accr\u00e9dit\u00e9es ; (b) l\u2019organisation n\u2019a pas d\u2019ant\u00e9c\u00e9dents n\u00e9gatifs avec nous ; (c) l\u2019avantage pour nous de la visibilit\u00e9 de l\u2019hyperlien compense l\u2019absence de&nbsp;<strong><a href=\"https:\/\/www.ninja-tv.live\/\" target=\"_blank\" rel=\"noreferrer noopener\">NINJA-IPTV.COM<\/a><\/strong>&nbsp;&nbsp;; et (d) le lien est dans le contexte d\u2019informations de ressources g\u00e9n\u00e9rales.<\/p>\n\n\n\n<p>Ces organisations peuvent cr\u00e9er un lien vers notre page d\u2019accueil \u00e0 condition que le lien : (a) ne soit pas trompeur de quelque mani\u00e8re que ce soit ; (b) n\u2019implique pas faussement le parrainage, l\u2019approbation ou le soutien de la partie liante et de ses produits ou services ; et (c) s\u2019inscrive dans le contexte du site de la partie liante.<\/p>\n\n\n\n<p>Si vous \u00eates l\u2019une des organisations \u00e9num\u00e9r\u00e9es au paragraphe 2 ci-dessus et que vous souhaitez \u00e9tablir un lien avec notre site Web, vous devez nous en informer en envoyant un courrier \u00e9lectronique \u00e0&nbsp;<strong><a href=\"https:\/\/www.ninja-tv.live\/\" target=\"_blank\" rel=\"noreferrer noopener\">NINJA-IPTV.COM<\/a><\/strong>&nbsp;&nbsp;. Veuillez inclure votre nom, le nom de votre organisation, vos coordonn\u00e9es ainsi que l\u2019URL de votre site, une liste de toutes les URL \u00e0 partir desquelles vous avez l\u2019intention de cr\u00e9er un lien vers notre site Web, et une liste des URL de notre site vers lesquelles vous souhaitez cr\u00e9er un lien. Attendez 2 \u00e0 3 semaines pour recevoir une r\u00e9ponse.<\/p>\n\n\n\n<p><em>Les organisations approuv\u00e9es peuvent cr\u00e9er un hyperlien vers notre site Web de la mani\u00e8re suivante :<\/em><\/p>\n\n\n\n<p>En utilisant notre d\u00e9nomination sociale ; ou en utilisant le localisateur de ressources uniforme auquel le lien renvoie ; ou en utilisant toute autre description de notre site Web vers lequel le lien est \u00e9tabli et qui a un sens dans le contexte et le format du contenu du site de la partie qui \u00e9tablit le lien.<\/p>\n\n\n\n<p>L\u2019utilisation du logo ou d\u2019autres illustrations de&nbsp;<strong><a href=\"https:\/\/www.ninja-tv.live\/\" target=\"_blank\" rel=\"noreferrer noopener\">NINJA-IPTV.COM<\/a><\/strong>&nbsp;ne sera pas autoris\u00e9e pour la cr\u00e9ation de liens en l\u2019absence d\u2019un accord de licence de marque.<\/p>\n\n\n\n<p><em>iFrames<\/em><\/p>\n\n\n\n<p>Sans autorisation pr\u00e9alable et \u00e9crite, vous ne pouvez pas cr\u00e9er de cadres autour de nos pages Web qui modifient de quelque mani\u00e8re que ce soit la pr\u00e9sentation visuelle ou l\u2019apparence de notre site Web.<\/p>\n\n\n\n<p><em>Responsabilit\u00e9 du contenu<\/em><\/p>\n\n\n\n<p>Nous ne serons pas tenus responsables du contenu qui appara\u00eet sur votre site web. Vous acceptez de nous prot\u00e9ger et de nous d\u00e9fendre contre toutes les r\u00e9clamations qui s\u2019\u00e9l\u00e8vent sur votre site Web. Aucun lien ne doit appara\u00eetre sur un site Web qui pourrait \u00eatre interpr\u00e9t\u00e9 comme \u00e9tant diffamatoire, obsc\u00e8ne ou criminel, ou qui enfreint, viole de quelque mani\u00e8re que ce soit, ou pr\u00e9conise l\u2019enfreinte ou toute autre violation des droits d\u2019un tiers.<\/p>\n\n\n\n<p><em>Votre vie priv\u00e9e<\/em><\/p>\n\n\n\n<p><em>Veuillez lire la politique de confidentialit\u00e9<\/em><\/p>\n\n\n\n<p><em>R\u00e9serve de droits<\/em><\/p>\n\n\n\n<p>Nous nous r\u00e9servons le droit de vous demander de supprimer tous les liens ou tout lien particulier vers notre site Web. Vous acceptez de retirer imm\u00e9diatement tous les liens vers notre site Web sur demande. Nous nous r\u00e9servons \u00e9galement le droit de modifier \u00e0 tout moment les pr\u00e9sentes conditions g\u00e9n\u00e9rales et la politique en mati\u00e8re de liens. En cr\u00e9ant continuellement des liens vers notre site Web, vous acceptez d\u2019\u00eatre li\u00e9 \u00e0 ces conditions et de les suivre.<\/p>\n\n\n\n<p><em>Suppression de liens sur notre site web<\/em><\/p>\n\n\n\n<p>Si vous trouvez un lien sur notre site Web qui est offensant pour une raison quelconque, vous \u00eates libre de nous contacter et de nous en informer \u00e0 tout moment. Nous examinerons les demandes de suppression de liens, mais nous ne sommes pas oblig\u00e9s de le faire ou de vous r\u00e9pondre directement.<\/p>\n\n\n\n<p>Nous ne garantissons pas l\u2019exactitude des informations contenues dans ce site web, ni leur exhaustivit\u00e9 ou leur pr\u00e9cision ; nous ne promettons pas non plus de garantir que le site web reste disponible ou que le mat\u00e9riel contenu dans le site web soit maintenu \u00e0 jour.<\/p>\n\n\n\n<p><em>Clause de non-responsabilit\u00e9<\/em><\/p>\n\n\n\n<p>Dans la mesure maximale autoris\u00e9e par la loi applicable, nous excluons toutes les repr\u00e9sentations, garanties et conditions relatives \u00e0 notre site web et \u00e0 l\u2019utilisation de celui-ci. Rien dans cette clause de non-responsabilit\u00e9 ne pourra limiter ou exclure notre ou votre responsabilit\u00e9 en cas de d\u00e9c\u00e8s ou de pr\u00e9judice corporel ; limiter ou exclure notre ou votre responsabilit\u00e9 en cas de fraude ou de d\u00e9claration frauduleuse ; limiter l\u2019une quelconque de nos ou de vos responsabilit\u00e9s d\u2019une mani\u00e8re qui n\u2019est pas autoris\u00e9e par la loi applicable ; ou exclure l\u2019une quelconque de nos ou de vos responsabilit\u00e9s qui ne peut \u00eatre exclue en vertu de la loi applicable.<\/p>\n\n\n\n<p>Les limitations et interdictions de responsabilit\u00e9 \u00e9nonc\u00e9es dans la pr\u00e9sente section et ailleurs dans le pr\u00e9sent avis de non-responsabilit\u00e9 : (a) sont soumises au paragraphe pr\u00e9c\u00e9dent ; et (b) r\u00e9gissent toutes les responsabilit\u00e9s d\u00e9coulant de l\u2019avis de non-responsabilit\u00e9, y compris les responsabilit\u00e9s d\u00e9coulant d\u2019un contrat, d\u2019un d\u00e9lit et de la violation d\u2019une obligation l\u00e9gale.<\/p>\n\n\n\n<p>Tant que le site web et les informations et services qu\u2019il contient sont fournis gratuitement, nous ne serons pas responsables de toute perte ou dommage de quelque nature que ce soit.<\/p>\n\t\t\t\t\t\t\t\t<\/div>\n\t\t\t\t<\/div>\n\t\t\t\t\t<\/div>\n\t\t<\/div>\n\t\t\t\t\t<\/div>\n\t\t<\/section>\n\t\t\t\t<\/div>\n\t\t","protected":false},"excerpt":{"rendered":"<p>Bienvenue chez&nbsp;NINJA-IPTV.COM Les pr\u00e9sentes conditions g\u00e9n\u00e9rales d\u00e9finissent les r\u00e8gles d\u2019utilisation du site Web de&nbsp;NINJA-IPTV.COM, situ\u00e9 \u00e0 l\u2019adresse&nbsp;WWW.NINJA-IPTV.COM En acc\u00e9dant \u00e0 ce site Web, nous supposons que vous acceptez ces termes et conditions. Ne continuez pas \u00e0 utiliser&nbsp;NINJA-IPTV.COM&nbsp;si vous n\u2019acceptez pas l\u2019ensemble des termes et conditions \u00e9nonc\u00e9s sur cette page. La terminologie suivante s\u2019applique aux pr\u00e9sentes conditions g\u00e9n\u00e9rales, \u00e0 la d\u00e9claration de confidentialit\u00e9 et \u00e0 l\u2019avis de non-responsabilit\u00e9 ainsi qu\u2019\u00e0 tous les accords : \u201cClient\u201d, \u201cVous\u201d et \u201cVotre\u201d font r\u00e9f\u00e9rence \u00e0 vous, la personne qui se connecte \u00e0 ce site web et qui se conforme aux termes et conditions de la Soci\u00e9t\u00e9. \u201cLa Soci\u00e9t\u00e9\u201d, \u201cNous\u201d, \u201cNotre\u201d, \u201cNos\u201d et \u201cNous\u201d, d\u00e9signe notre Soci\u00e9t\u00e9. \u201cPartie\u201d, \u201cParties\u201d, ou \u201cNous\u201d, d\u00e9signe \u00e0 la fois le client et nous-m\u00eames. Tous les termes font r\u00e9f\u00e9rence \u00e0 l\u2019offre, \u00e0 l\u2019acceptation et \u00e0 la prise en compte du paiement n\u00e9cessaire pour entreprendre le processus de notre assistance au Client de la mani\u00e8re la plus appropri\u00e9e dans le but expr\u00e8s de r\u00e9pondre aux besoins du Client en ce qui concerne la fourniture des services d\u00e9clar\u00e9s de la Soci\u00e9t\u00e9, conform\u00e9ment et sous r\u00e9serve de la loi en vigueur aux Pays-Bas. Toute utilisation de la terminologie ci-dessus ou d\u2019autres mots au singulier, au pluriel, en majuscules et\/ou il\/elle ou ils\/elles, sont consid\u00e9r\u00e9s comme interchangeables et donc comme se r\u00e9f\u00e9rant au m\u00eame. Cookies Nous utilisons des cookies. En acc\u00e9dant \u00e0&nbsp;NINJA-IPTV.COM&nbsp;, vous acceptez d\u2019utiliser des cookies en accord avec la politique de confidentialit\u00e9 de&nbsp;NINJA-IPTV.COM La plupart des sites web interactifs utilisent des cookies pour nous permettre de r\u00e9cup\u00e9rer les donn\u00e9es de l\u2019utilisateur \u00e0 chaque visite. Les cookies sont utilis\u00e9s par notre site Web pour permettre la fonctionnalit\u00e9 de certaines zones afin de faciliter la t\u00e2che des personnes qui visitent notre site Web. Certains de nos partenaires affili\u00e9s\/publicitaires peuvent \u00e9galement utiliser des cookies. Licence Sauf indication contraire,&nbsp;NINJA-IPTV.COM&nbsp;et\/ou ses conc\u00e9dants de licence d\u00e9tiennent les droits de propri\u00e9t\u00e9 intellectuelle de tout le mat\u00e9riel sur&nbsp;NINJA-IPTV.COM. Tous les droits de propri\u00e9t\u00e9 intellectuelle sont r\u00e9serv\u00e9s. Vous pouvez acc\u00e9der au contenu de&nbsp;NINJA-IPTV.COM&nbsp;pour votre usage personnel, sous r\u00e9serve des restrictions d\u00e9finies dans les pr\u00e9sentes conditions g\u00e9n\u00e9rales. Vous ne devez pas : Republier le mat\u00e9riel de&nbsp;NINJA-IPTV.COM Vendre, louer ou accorder une sous-licence pour le mat\u00e9riel de&nbsp;NINJA-IPTV.COM Reproduire, dupliquer ou copier le mat\u00e9riel de&nbsp;NINJA-IPTV.COM Redistribuer le contenu de&nbsp;NINJA-IPTV.COM Le pr\u00e9sent contrat prend effet \u00e0 la date du pr\u00e9sent document. Certaines parties de ce site Internet offrent aux utilisateurs la possibilit\u00e9 de publier et d\u2019\u00e9changer des opinions et des informations dans certaines zones du site.&nbsp;NINJA-IPTV.COM&nbsp;ne filtre pas, n\u2019\u00e9dite pas, ne publie pas et ne r\u00e9vise pas les Commentaires avant leur pr\u00e9sence sur le site. Les Commentaires ne refl\u00e8tent pas les vues et opinions de&nbsp;NINJA-IPTV.COM, de ses agents et\/ou de ses affili\u00e9s. Les Commentaires refl\u00e8tent les vues et opinions de la personne qui les a post\u00e9s. Dans la mesure permise par les lois applicables,&nbsp;NINJA-IPTV.COM&nbsp;ne sera pas responsable des Commentaires ou de toute responsabilit\u00e9, dommages ou d\u00e9penses caus\u00e9s et\/ou subis suite \u00e0 l\u2019utilisation et\/ou la publication et\/ou l\u2019apparition des Commentaires sur ce site Internet. NINJA-IPTV.COM&nbsp;se r\u00e9serve le droit de surveiller tous les Commentaires et de supprimer tout Commentaire pouvant \u00eatre consid\u00e9r\u00e9 comme inappropri\u00e9, offensant ou entra\u00eenant une violation des pr\u00e9sentes Conditions G\u00e9n\u00e9rales. Vous garantissez et d\u00e9clarez que : Vous avez le droit de publier les Commentaires sur notre site web et disposez de toutes les licences et autorisations n\u00e9cessaires pour le faire ; Les Commentaires ne portent atteinte \u00e0 aucun droit de propri\u00e9t\u00e9 intellectuelle, y compris, sans s\u2019y limiter, les droits d\u2019auteur, les brevets ou les marques de commerce d\u2019un tiers ; Les Commentaires ne contiennent aucun \u00e9l\u00e9ment diffamatoire, calomnieux, offensant, ind\u00e9cent ou autrement ill\u00e9gal qui constitue une atteinte \u00e0 la vie priv\u00e9e. Les Commentaires ne seront pas utilis\u00e9s pour solliciter ou promouvoir des affaires ou des coutumes ou pr\u00e9senter des activit\u00e9s commerciales ou des activit\u00e9s ill\u00e9gales. Par la pr\u00e9sente, vous accordez \u00e0&nbsp;NINJA-IPTV.COM&nbsp;une licence non exclusive pour utiliser, reproduire, \u00e9diter et autoriser d\u2019autres personnes \u00e0 utiliser, reproduire et \u00e9diter n\u2019importe lequel de vos Commentaires sous toutes formes, formats ou m\u00e9dias. Hyperliens vers notre contenu Les organisations suivantes peuvent cr\u00e9er des liens vers notre site Web sans autorisation \u00e9crite pr\u00e9alable&nbsp;: Les agences gouvernementales ; Moteurs de recherche ; Organismes de presse ; Les distributeurs d\u2019annuaires en ligne peuvent cr\u00e9er des liens vers notre site Web de la m\u00eame mani\u00e8re qu\u2019ils cr\u00e9ent des hyperliens vers les sites Web d\u2019autres entreprises r\u00e9pertori\u00e9es ; et Les entreprises accr\u00e9dit\u00e9es \u00e0 l\u2019\u00e9chelle du syst\u00e8me, \u00e0 l\u2019exception des organisations \u00e0 but non lucratif, des centres commerciaux caritatifs et des groupes de collecte de fonds caritatifs, qui ne peuvent pas \u00e9tablir d\u2019hyperlien vers notre site Web. Ces organisations peuvent \u00e9tablir un lien vers notre page d\u2019accueil, vers des publications ou vers d\u2019autres informations du site Web, \u00e0 condition que le lien : (a) ne soit en aucun cas trompeur ; (b) n\u2019implique pas faussement le parrainage, l\u2019approbation ou le soutien de la partie qui propose le lien et de ses produits et\/ou services ; et (c) s\u2019inscrive dans le contexte du site de la partie qui propose le lien. Nous pouvons prendre en consid\u00e9ration et approuver d\u2019autres demandes de liens \u00e9manant des types d\u2019organisations suivants : des sources d\u2019informations commun\u00e9ment connues sur les consommateurs et\/ou les entreprises sites communautaires dot.com associations ou autres groupes repr\u00e9sentant des organisations caritatives distributeurs d\u2019annuaires en ligne portails Internet ; des cabinets comptables, juridiques et de conseil ; et des \u00e9tablissements d\u2019enseignement et des associations professionnelles. Nous approuverons les demandes de liens de ces organisations si nous d\u00e9cidons que : (a) le lien ne nous donnera pas une image d\u00e9favorable de nous-m\u00eames ou de nos entreprises accr\u00e9dit\u00e9es ; (b) l\u2019organisation n\u2019a pas d\u2019ant\u00e9c\u00e9dents n\u00e9gatifs avec nous ; (c) l\u2019avantage pour nous de la visibilit\u00e9 de l\u2019hyperlien compense l\u2019absence de&nbsp;NINJA-IPTV.COM&nbsp;&nbsp;; et (d) le lien est dans le contexte d\u2019informations de ressources g\u00e9n\u00e9rales. Ces organisations peuvent cr\u00e9er un lien vers notre page d\u2019accueil \u00e0 condition que le lien : (a) ne soit pas trompeur de quelque mani\u00e8re que ce soit ; (b) n\u2019implique pas faussement le parrainage, l\u2019approbation ou le soutien<\/p>\n","protected":false},"author":1,"featured_media":0,"parent":0,"menu_order":0,"comment_status":"closed","ping_status":"closed","template":"","meta":{"footnotes":""},"class_list":["post-66","page","type-page","status-publish","hentry"],"jetpack_sharing_enabled":true,"_links":{"self":[{"href":"https:\/\/www.ninja-tv.live\/abonnement-iptv\/wp-json\/wp\/v2\/pages\/66","targetHints":{"allow":["GET"]}}],"collection":[{"href":"https:\/\/www.ninja-tv.live\/abonnement-iptv\/wp-json\/wp\/v2\/pages"}],"about":[{"href":"https:\/\/www.ninja-tv.live\/abonnement-iptv\/wp-json\/wp\/v2\/types\/page"}],"author":[{"embeddable":true,"href":"https:\/\/www.ninja-tv.live\/abonnement-iptv\/wp-json\/wp\/v2\/users\/1"}],"replies":[{"embeddable":true,"href":"https:\/\/www.ninja-tv.live\/abonnement-iptv\/wp-json\/wp\/v2\/comments?post=66"}],"version-history":[{"count":0,"href":"https:\/\/www.ninja-tv.live\/abonnement-iptv\/wp-json\/wp\/v2\/pages\/66\/revisions"}],"wp:attachment":[{"href":"https:\/\/www.ninja-tv.live\/abonnement-iptv\/wp-json\/wp\/v2\/media?parent=66"}],"curies":[{"name":"wp","href":"https:\/\/api.w.org\/{rel}","templated":true}]}}